{"id":3141,"date":"2021-07-09T12:28:42","date_gmt":"2021-07-09T11:28:42","guid":{"rendered":"http:\/\/infobit.hu\/?page_id=3141"},"modified":"2021-07-09T12:28:42","modified_gmt":"2021-07-09T11:28:42","slug":"intel-nuc-bxnuc10i7fnh2-barebone-szamitogep","status":"publish","type":"page","link":"https:\/\/infobit.hu\/en\/termekek\/intel-nuc-bxnuc10i7fnh2-barebone-szamitogep\/","title":{"rendered":"Intel NUC BXNUC10I7FNH2 barebone computer"},"content":{"rendered":"","protected":false},"excerpt":{"rendered":"","protected":false},"author":4,"featured_media":0,"parent":2953,"menu_order":0,"comment_status":"closed","ping_status":"closed","template":"","meta":{"footnotes":""},"class_list":["post-3141","page","type-page","status-publish","hentry"],"yoast_head":"<!-- This site is optimized with the Yoast SEO Premium plugin v26.2 (Yoast SEO v23.0) - https:\/\/yoast.com\/wordpress\/plugins\/seo\/ -->\n<title>Intel NUC BXNUC10I7FNH2 barebone sz\u00e1m\u00edt\u00f3g\u00e9p - Infobit<\/title>\n<meta name=\"robots\" content=\"index, follow, max-snippet:-1, max-image-preview:large, max-video-preview:-1\" \/>\n<link rel=\"canonical\" href=\"https:\/\/infobit.hu\/en\/termekek\/intel-nuc-bxnuc10i7fnh2-barebone-szamitogep\/\" \/>\n<meta property=\"og:locale\" content=\"en_GB\" \/>\n<meta property=\"og:type\" content=\"article\" \/>\n<meta property=\"og:title\" content=\"Intel NUC BXNUC10I7FNH2 barebone sz\u00e1m\u00edt\u00f3g\u00e9p - Infobit\" \/>\n<meta property=\"og:url\" content=\"https:\/\/infobit.hu\/en\/termekek\/intel-nuc-bxnuc10i7fnh2-barebone-szamitogep\/\" \/>\n<meta property=\"og:site_name\" content=\"Infobit\" \/>\n<meta property=\"article:publisher\" content=\"https:\/\/www.facebook.com\/infobit\" \/>\n<meta name=\"twitter:card\" content=\"summary_large_image\" \/>\n<script type=\"application\/ld+json\" class=\"yoast-schema-graph\">{\"@context\":\"https:\/\/schema.org\",\"@graph\":[{\"@type\":\"WebPage\",\"@id\":\"https:\/\/infobit.hu\/termekek\/intel-nuc-bxnuc10i7fnh2-barebone-szamitogep\/\",\"url\":\"https:\/\/infobit.hu\/termekek\/intel-nuc-bxnuc10i7fnh2-barebone-szamitogep\/\",\"name\":\"Intel NUC BXNUC10I7FNH2 barebone sz\u00e1m\u00edt\u00f3g\u00e9p - Infobit\",\"isPartOf\":{\"@id\":\"https:\/\/infobit.hu\/#website\"},\"datePublished\":\"2021-07-09T11:28:42+00:00\",\"dateModified\":\"2021-07-09T11:28:42+00:00\",\"breadcrumb\":{\"@id\":\"https:\/\/infobit.hu\/termekek\/intel-nuc-bxnuc10i7fnh2-barebone-szamitogep\/#breadcrumb\"},\"inLanguage\":\"en-GB\",\"potentialAction\":[{\"@type\":\"ReadAction\",\"target\":[\"https:\/\/infobit.hu\/termekek\/intel-nuc-bxnuc10i7fnh2-barebone-szamitogep\/\"]}]},{\"@type\":\"BreadcrumbList\",\"@id\":\"https:\/\/infobit.hu\/termekek\/intel-nuc-bxnuc10i7fnh2-barebone-szamitogep\/#breadcrumb\",\"itemListElement\":[{\"@type\":\"ListItem\",\"position\":1,\"name\":\"Kezd\u0151lap\",\"item\":\"https:\/\/infobit.hu\/\"},{\"@type\":\"ListItem\",\"position\":2,\"name\":\"Term\u00e9kek\",\"item\":\"https:\/\/infobit.hu\/termekek\/\"},{\"@type\":\"ListItem\",\"position\":3,\"name\":\"Intel NUC BXNUC10I7FNH2 barebone sz\u00e1m\u00edt\u00f3g\u00e9p\"}]},{\"@type\":\"WebSite\",\"@id\":\"https:\/\/infobit.hu\/#website\",\"url\":\"https:\/\/infobit.hu\/\",\"name\":\"Infobit\",\"description\":\"Irodaszer forgalmaz\u00e1s\",\"publisher\":{\"@id\":\"https:\/\/infobit.hu\/#organization\"},\"potentialAction\":[{\"@type\":\"SearchAction\",\"target\":{\"@type\":\"EntryPoint\",\"urlTemplate\":\"https:\/\/infobit.hu\/?s={search_term_string}\"},\"query-input\":\"required name=search_term_string\"}],\"inLanguage\":\"en-GB\"},{\"@type\":\"Organization\",\"@id\":\"https:\/\/infobit.hu\/#organization\",\"name\":\"Infobit Kft.\",\"url\":\"https:\/\/infobit.hu\/\",\"logo\":{\"@type\":\"ImageObject\",\"inLanguage\":\"en-GB\",\"@id\":\"https:\/\/infobit.hu\/#\/schema\/logo\/image\/\",\"url\":\"https:\/\/infobit.hu\/wp-content\/uploads\/2024\/07\/images.png\",\"contentUrl\":\"https:\/\/infobit.hu\/wp-content\/uploads\/2024\/07\/images.png\",\"width\":225,\"height\":225,\"caption\":\"Infobit Kft.\"},\"image\":{\"@id\":\"https:\/\/infobit.hu\/#\/schema\/logo\/image\/\"},\"sameAs\":[\"https:\/\/www.facebook.com\/infobit\"]}]}<\/script>\n<!-- \/ Yoast SEO Premium plugin. -->","yoast_head_json":{"title":"Intel NUC BXNUC10I7FNH2 barebone sz\u00e1m\u00edt\u00f3g\u00e9p - Infobit","robots":{"index":"index","follow":"follow","max-snippet":"max-snippet:-1","max-image-preview":"max-image-preview:large","max-video-preview":"max-video-preview:-1"},"canonical":"https:\/\/infobit.hu\/en\/termekek\/intel-nuc-bxnuc10i7fnh2-barebone-szamitogep\/","og_locale":"en_GB","og_type":"article","og_title":"Intel NUC BXNUC10I7FNH2 barebone sz\u00e1m\u00edt\u00f3g\u00e9p - Infobit","og_url":"https:\/\/infobit.hu\/en\/termekek\/intel-nuc-bxnuc10i7fnh2-barebone-szamitogep\/","og_site_name":"Infobit","article_publisher":"https:\/\/www.facebook.com\/infobit","twitter_card":"summary_large_image","schema":{"@context":"https:\/\/schema.org","@graph":[{"@type":"WebPage","@id":"https:\/\/infobit.hu\/termekek\/intel-nuc-bxnuc10i7fnh2-barebone-szamitogep\/","url":"https:\/\/infobit.hu\/termekek\/intel-nuc-bxnuc10i7fnh2-barebone-szamitogep\/","name":"Intel NUC BXNUC10I7FNH2 barebone sz\u00e1m\u00edt\u00f3g\u00e9p - Infobit","isPartOf":{"@id":"https:\/\/infobit.hu\/#website"},"datePublished":"2021-07-09T11:28:42+00:00","dateModified":"2021-07-09T11:28:42+00:00","breadcrumb":{"@id":"https:\/\/infobit.hu\/termekek\/intel-nuc-bxnuc10i7fnh2-barebone-szamitogep\/#breadcrumb"},"inLanguage":"en-GB","potentialAction":[{"@type":"ReadAction","target":["https:\/\/infobit.hu\/termekek\/intel-nuc-bxnuc10i7fnh2-barebone-szamitogep\/"]}]},{"@type":"BreadcrumbList","@id":"https:\/\/infobit.hu\/termekek\/intel-nuc-bxnuc10i7fnh2-barebone-szamitogep\/#breadcrumb","itemListElement":[{"@type":"ListItem","position":1,"name":"Kezd\u0151lap","item":"https:\/\/infobit.hu\/"},{"@type":"ListItem","position":2,"name":"Term\u00e9kek","item":"https:\/\/infobit.hu\/termekek\/"},{"@type":"ListItem","position":3,"name":"Intel NUC BXNUC10I7FNH2 barebone sz\u00e1m\u00edt\u00f3g\u00e9p"}]},{"@type":"WebSite","@id":"https:\/\/infobit.hu\/#website","url":"https:\/\/infobit.hu\/","name":"Infobit","description":"Office supplies distribution","publisher":{"@id":"https:\/\/infobit.hu\/#organization"},"potentialAction":[{"@type":"SearchAction","target":{"@type":"EntryPoint","urlTemplate":"https:\/\/infobit.hu\/?s={search_term_string}"},"query-input":"required name=search_term_string"}],"inLanguage":"en-GB"},{"@type":"Organization","@id":"https:\/\/infobit.hu\/#organization","name":"Infobit Ltd.","url":"https:\/\/infobit.hu\/","logo":{"@type":"ImageObject","inLanguage":"en-GB","@id":"https:\/\/infobit.hu\/#\/schema\/logo\/image\/","url":"https:\/\/infobit.hu\/wp-content\/uploads\/2024\/07\/images.png","contentUrl":"https:\/\/infobit.hu\/wp-content\/uploads\/2024\/07\/images.png","width":225,"height":225,"caption":"Infobit Kft."},"image":{"@id":"https:\/\/infobit.hu\/#\/schema\/logo\/image\/"},"sameAs":["https:\/\/www.facebook.com\/infobit"]}]}},"_links":{"self":[{"href":"https:\/\/infobit.hu\/en\/wp-json\/wp\/v2\/pages\/3141","targetHints":{"allow":["GET"]}}],"collection":[{"href":"https:\/\/infobit.hu\/en\/wp-json\/wp\/v2\/pages"}],"about":[{"href":"https:\/\/infobit.hu\/en\/wp-json\/wp\/v2\/types\/page"}],"author":[{"embeddable":true,"href":"https:\/\/infobit.hu\/en\/wp-json\/wp\/v2\/users\/4"}],"replies":[{"embeddable":true,"href":"https:\/\/infobit.hu\/en\/wp-json\/wp\/v2\/comments?post=3141"}],"version-history":[{"count":1,"href":"https:\/\/infobit.hu\/en\/wp-json\/wp\/v2\/pages\/3141\/revisions"}],"predecessor-version":[{"id":3142,"href":"https:\/\/infobit.hu\/en\/wp-json\/wp\/v2\/pages\/3141\/revisions\/3142"}],"up":[{"embeddable":true,"href":"https:\/\/infobit.hu\/en\/wp-json\/wp\/v2\/pages\/2953"}],"wp:attachment":[{"href":"https:\/\/infobit.hu\/en\/wp-json\/wp\/v2\/media?parent=3141"}],"curies":[{"name":"wp","href":"https:\/\/api.w.org\/{rel}","templated":true}]}}